{"id":17,"date":"2023-06-05T12:04:07","date_gmt":"2023-06-05T12:04:07","guid":{"rendered":"http:\/\/193.194.89.179\/wp_lrecits\/?page_id=17"},"modified":"2025-01-15T09:14:36","modified_gmt":"2025-01-15T09:14:36","slug":"formation","status":"publish","type":"page","link":"https:\/\/lrecits.usthb.dz\/index.php\/formation\/","title":{"rendered":"Formation"},"content":{"rendered":"\n<h2 class=\"wp-block-heading has-blush-bordeaux-gradient-background has-background\">Licence<\/h2>\n\n\n\n<p>Les membres de l&#8217;\u00e9quipe sont fortement impliqu\u00e9s dans la formation et l&#8217;encadrement en licence de Recherche Op\u00e9rationnelle.<\/p>\n\n\n\n<hr class=\"wp-block-separator has-alpha-channel-opacity\"\/>\n\n\n\n<h2 class=\"wp-block-heading has-blush-bordeaux-gradient-background has-background\">Master<\/h2>\n\n\n\n<p>Les membres de l&#8217;\u00e9quipe participent activement \u00e0 la formation et l&#8217;encadrement des masters suivant :<\/p>\n\n\n\n<blockquote class=\"wp-block-quote is-layout-flow wp-block-quote-is-layout-flow\">\n<ul class=\"wp-block-list\">\n<li><a href=\"http:\/\/ro2mir.atspace.me\/\">Recherche Op\u00e9rationnelle &#8211; Mod\u00e8les et M\u00e9thodes pour l&#8217;Ing\u00e9nierie et la Recherche, RO-2MIR.<\/a><\/li>\n\n\n\n<li>Mod\u00e9lisation Stochastique et Pr\u00e9vision en Recherche Op\u00e9rationnelle, MSPRO.<\/li>\n\n\n\n<li>Recherche Op\u00e9rationnelle, Management, Risque et N\u00e9gociation, ROMARIN.<\/li>\n\n\n\n<li>Engineering en Recherche Op\u00e9rationnelle, ERO.<\/li>\n<\/ul>\n<\/blockquote>\n\n\n\n<hr class=\"wp-block-separator has-alpha-channel-opacity\"\/>\n\n\n\n<h2 class=\"wp-block-heading has-blush-bordeaux-gradient-background has-background\">Doctorat<\/h2>\n\n\n\n<p>Le Laboratoire RECITS est partenaire dans les formation doctorales :<\/p>\n\n\n\n<blockquote class=\"wp-block-quote is-layout-flow wp-block-quote-is-layout-flow\">\n<ul class=\"wp-block-list\">\n<li>Math\u00e9matiques Appliqu\u00e9es.<\/li>\n\n\n\n<li>Recherche Op\u00e9rationnelle et Math\u00e9matiques Discr\u00e8tes, ROMaD.<\/li>\n\n\n\n<li>Recherche Op\u00e9rationnelle et Management, ROM.<\/li>\n\n\n\n<li>Etude Probabiliste et Statistiques de Mod\u00e8les Econom\u00e9triques et Financiers, EPSMEF.<\/li>\n<\/ul>\n<\/blockquote>\n\n\n\n<hr class=\"wp-block-separator has-alpha-channel-opacity\"\/>\n\n\n\n<h2 class=\"wp-block-heading has-blush-bordeaux-gradient-background has-background\">Autres<\/h2>\n\n\n\n<p>Le laboratoire a particip\u00e9 aussi \u00e0 d&#8217;autres formations :<\/p>\n\n\n\n<blockquote class=\"wp-block-quote is-layout-flow wp-block-quote-is-layout-flow\">\n<ul class=\"wp-block-list\">\n<li>Magister en Recherche Op\u00e9rationnelle.<\/li>\n\n\n\n<li>Doctorat en Recherche Op\u00e9rationnelle. (Ancien r\u00e9gime)<\/li>\n<\/ul>\n<\/blockquote>\n","protected":false},"excerpt":{"rendered":"<p>Licence Les membres de l&#8217;\u00e9quipe sont fortement impliqu\u00e9s dans la formation et l&#8217;encadrement en licence de Recherche Op\u00e9rationnelle. Master Les membres de l&#8217;\u00e9quipe participent activement \u00e0 la formation et l&#8217;encadrement des masters suivant : Doctorat Le Laboratoire RECITS est partenaire <span class=\"readmore\"><a href=\"https:\/\/lrecits.usthb.dz\/index.php\/formation\/\">Continue Reading<\/a><\/span><\/p>\n","protected":false},"author":1,"featured_media":0,"parent":0,"menu_order":0,"comment_status":"closed","ping_status":"closed","template":"","meta":{"footnotes":""},"class_list":["post-17","page","type-page","status-publish","hentry"],"_links":{"self":[{"href":"https:\/\/lrecits.usthb.dz\/index.php\/wp-json\/wp\/v2\/pages\/17","targetHints":{"allow":["GET"]}}],"collection":[{"href":"https:\/\/lrecits.usthb.dz\/index.php\/wp-json\/wp\/v2\/pages"}],"about":[{"href":"https:\/\/lrecits.usthb.dz\/index.php\/wp-json\/wp\/v2\/types\/page"}],"author":[{"embeddable":true,"href":"https:\/\/lrecits.usthb.dz\/index.php\/wp-json\/wp\/v2\/users\/1"}],"replies":[{"embeddable":true,"href":"https:\/\/lrecits.usthb.dz\/index.php\/wp-json\/wp\/v2\/comments?post=17"}],"version-history":[{"count":3,"href":"https:\/\/lrecits.usthb.dz\/index.php\/wp-json\/wp\/v2\/pages\/17\/revisions"}],"predecessor-version":[{"id":361,"href":"https:\/\/lrecits.usthb.dz\/index.php\/wp-json\/wp\/v2\/pages\/17\/revisions\/361"}],"wp:attachment":[{"href":"https:\/\/lrecits.usthb.dz\/index.php\/wp-json\/wp\/v2\/media?parent=17"}],"curies":[{"name":"wp","href":"https:\/\/api.w.org\/{rel}","templated":true}]}}