{"id":19,"date":"2023-06-05T12:04:07","date_gmt":"2023-06-05T12:04:07","guid":{"rendered":"http:\/\/193.194.89.179\/wp_lrecits\/?page_id=19"},"modified":"2025-01-15T09:19:22","modified_gmt":"2025-01-15T09:19:22","slug":"projets-et-partenariat","status":"publish","type":"page","link":"https:\/\/lrecits.usthb.dz\/index.php\/projets-et-partenariat\/","title":{"rendered":"Projets et Partenariat"},"content":{"rendered":"\n<p>Le laboratoire est impliqu\u00e9 dans de nombreux projets de recherche et de coop\u00e9ration que ce soit au niveau national ou international. Le laboratoire est aussi \u00e0 la recherche de partenariat avec le secteur socio-\u00e9conomique. La nature et le nombre des projets sont indiqu\u00e9es ci-dessous.<\/p>\n\n\n\n<hr class=\"wp-block-separator has-alpha-channel-opacity\"\/>\n\n\n\n<h2 class=\"wp-block-heading has-cool-to-warm-spectrum-gradient-background has-background\">Nationaux<\/h2>\n\n\n\n<figure class=\"wp-block-table is-style-stripes\"><table class=\"has-very-light-gray-to-cyan-bluish-gray-gradient-background has-background\"><tbody><tr><th>CNEPRU<\/th><td>6 en cours + 8 achev\u00e9<\/td><\/tr><tr><th>PNR<\/th><td>7 (achev\u00e9s)<\/td><\/tr><\/tbody><\/table><\/figure>\n\n\n\n<ul class=\"wp-block-list\">\n<li>Les d\u00e9tails sont contenus dans les pages web des \u00e9quipes de recherche.<\/li>\n<\/ul>\n\n\n\n<hr class=\"wp-block-separator has-alpha-channel-opacity\"\/>\n\n\n\n<h2 class=\"wp-block-heading has-cool-to-warm-spectrum-gradient-background has-background\">Coop\u00e9ration Internationale<\/h2>\n\n\n\n<figure class=\"wp-block-table is-style-stripes\"><table class=\"has-very-light-gray-to-cyan-bluish-gray-gradient-background has-background\"><tbody><tr><th>CMEP\/TASSILI<\/th><td>1 achev\u00e9<\/td><\/tr><tr><th>CMEP\/MAGHREBIN<\/th><td>1 achev\u00e9<\/td><\/tr><\/tbody><\/table><\/figure>\n\n\n\n<ul class=\"wp-block-list\">\n<li>Les d\u00e9tails sont contenus dans les pages web des \u00e9quipes de recherche.<\/li>\n<\/ul>\n\n\n\n<hr class=\"wp-block-separator has-alpha-channel-opacity\"\/>\n\n\n\n<h2 class=\"wp-block-heading has-cool-to-warm-spectrum-gradient-background has-background\">Convention<\/h2>\n\n\n\n<hr class=\"wp-block-separator has-alpha-channel-opacity\"\/>\n\n\n\n<h2 class=\"wp-block-heading has-cool-to-warm-spectrum-gradient-background has-background\">Autres<\/h2>\n","protected":false},"excerpt":{"rendered":"<p>Le laboratoire est impliqu\u00e9 dans de nombreux projets de recherche et de coop\u00e9ration que ce soit au niveau national ou international. Le laboratoire est aussi \u00e0 la recherche de partenariat avec le secteur socio-\u00e9conomique. La nature et le nombre des <span class=\"readmore\"><a href=\"https:\/\/lrecits.usthb.dz\/index.php\/projets-et-partenariat\/\">Continue Reading<\/a><\/span><\/p>\n","protected":false},"author":1,"featured_media":0,"parent":0,"menu_order":0,"comment_status":"closed","ping_status":"closed","template":"","meta":{"footnotes":""},"class_list":["post-19","page","type-page","status-publish","hentry"],"_links":{"self":[{"href":"https:\/\/lrecits.usthb.dz\/index.php\/wp-json\/wp\/v2\/pages\/19","targetHints":{"allow":["GET"]}}],"collection":[{"href":"https:\/\/lrecits.usthb.dz\/index.php\/wp-json\/wp\/v2\/pages"}],"about":[{"href":"https:\/\/lrecits.usthb.dz\/index.php\/wp-json\/wp\/v2\/types\/page"}],"author":[{"embeddable":true,"href":"https:\/\/lrecits.usthb.dz\/index.php\/wp-json\/wp\/v2\/users\/1"}],"replies":[{"embeddable":true,"href":"https:\/\/lrecits.usthb.dz\/index.php\/wp-json\/wp\/v2\/comments?post=19"}],"version-history":[{"count":3,"href":"https:\/\/lrecits.usthb.dz\/index.php\/wp-json\/wp\/v2\/pages\/19\/revisions"}],"predecessor-version":[{"id":366,"href":"https:\/\/lrecits.usthb.dz\/index.php\/wp-json\/wp\/v2\/pages\/19\/revisions\/366"}],"wp:attachment":[{"href":"https:\/\/lrecits.usthb.dz\/index.php\/wp-json\/wp\/v2\/media?parent=19"}],"curies":[{"name":"wp","href":"https:\/\/api.w.org\/{rel}","templated":true}]}}