{"id":20,"date":"2023-06-05T12:04:07","date_gmt":"2023-06-05T12:04:07","guid":{"rendered":"http:\/\/193.194.89.179\/wp_lrecits\/?page_id=20"},"modified":"2025-01-15T09:23:48","modified_gmt":"2025-01-15T09:23:48","slug":"annales","status":"publish","type":"page","link":"https:\/\/lrecits.usthb.dz\/index.php\/annales\/","title":{"rendered":"Annales"},"content":{"rendered":"\n<h2 class=\"wp-block-heading has-light-green-cyan-to-vivid-green-cyan-gradient-background has-background\">Les Annales RECITS<\/h2>\n\n\n\n<figure class=\"wp-block-table is-style-stripes\"><table class=\"has-very-light-gray-to-cyan-bluish-gray-gradient-background has-background\"><tbody><tr><td>ISSN (print)<\/td><td>2392-5426<\/td><\/tr><tr><td>Responsable<\/td><td>Pr. BOUDHAR Mourad<\/td><\/tr><tr><td>Mail<\/td><td>mboudhar@usthb.dz<\/td><\/tr><tr><td>Secr\u00e9tariat<\/td><td><\/td><\/tr><\/tbody><\/table><\/figure>\n\n\n\n<h2 class=\"wp-block-heading has-light-green-cyan-to-vivid-green-cyan-gradient-background has-background\">Objectifs<\/h2>\n\n\n\n<p>Les annales RECITS \u00e9dit\u00e9s par le Laboratoire sont des publications scientifiques de qualit\u00e9 qui ont un r\u00f4le important \u00e0 jouer pour la diffusion des travaux de recherche du laboratoire. Ils permettent, aux membres du laboratoire, de disposer d&#8217;un moyen de faire conna\u00eetre rapidement un r\u00e9sultat de recherche avant sa parution dans une conf\u00e9rence ou une revue. Typiquement, il s&#8217;agit de la premi\u00e8re version d&#8217;un article soumis \u00e0 une revue ou \u00e0 une conf\u00e9rence internationale et qui ne para\u00eetra \u00e9ventuellement que beaucoup plus tard.<\/p>\n\n\n\n<h2 class=\"wp-block-heading has-light-green-cyan-to-vivid-green-cyan-gradient-background has-background\">Comit\u00e9 \u00e9ditorial<\/h2>\n\n\n\n<figure class=\"wp-block-table is-style-stripes\"><table class=\"has-very-light-gray-to-cyan-bluish-gray-gradient-background has-background\"><tbody><tr><td>BOUDHAR Mourad<\/td><td>Responsable<\/td><\/tr><tr><td>AITZAI Abdelhakim<\/td><td><\/td><\/tr><tr><td>BELBACHIR Hac\u00e8ne<\/td><td><\/td><\/tr><tr><td>BENDRAOUCHE Mohamed<\/td><td><\/td><\/tr><tr><td>CHERGUI Mohamed El-Amine<\/td><td><\/td><\/tr><tr><td>HAMDI Fay\u00e7al<\/td><td><\/td><\/tr><tr><td>MIHOUBI Miloud<\/td><td><\/td><\/tr><\/tbody><\/table><\/figure>\n\n\n\n<hr class=\"wp-block-separator has-alpha-channel-opacity\"\/>\n\n\n\n<h2 class=\"wp-block-heading has-light-green-cyan-to-vivid-green-cyan-gradient-background has-background\">Proc\u00e9dure de soumission<\/h2>\n\n\n\n<p><strong>Il n&#8217;existe pas de proc\u00e9dure de revue pour ces rapports de recherche. Pour publier un rapport de recherche, il faut envoyer un courrier au responsable du comit\u00e9 \u00e9ditorial contenant le texte (fichiers latex et pdf) accompagn\u00e9 du&nbsp;<\/strong><a target=\"_blank\" href=\"http:\/\/www.lrecits.usthb.dz\/formulaire.pdf\" rel=\"noreferrer noopener\"><strong>formulaire de publication<\/strong><\/a><strong>&nbsp;sign\u00e9 par un des membres du comit\u00e9 \u00e9ditorial. La premi\u00e8re page (<\/strong><a target=\"_blank\" href=\"http:\/\/www.lrecits.usthb.dz\/annales.zip\" rel=\"noreferrer noopener\"><strong>style \u00e0 t\u00e9l\u00e9charger<\/strong><\/a><strong>) doit contenir uniquement et obligatoirement le titre, les noms, pr\u00e9noms, adresses et e-mails des auteurs, les r\u00e9sum\u00e9s et les mots cl\u00e9s en fran\u00e7ais et en anglais et \u00e9ventuellement le financement (sponsoring, bourse de recherche, aide financi\u00e8re, etc.). Le tirage papier est fait en deux exemplaires dont un est remis aux auteurs. Le rapport de recherche est publi\u00e9 sur la page web du laboratoire et r\u00e9pertori\u00e9 au Centre de Recherche sur l&#8217;Information Scientifique et Technique (CERIST).<\/strong><\/p>\n\n\n\n<p><strong>Les annales RECITS du laboratoire peuvent accueillir aussi des textes de chercheurs n&#8217;appartenant pas au laboratoire et qui travaillent sur des th\u00e8mes proches que ceux d\u00e9velopp\u00e9s par le laboratoire. Ces chercheurs sont pri\u00e9s de contacter le responsable du comit\u00e9 \u00e9ditorial.<\/strong><\/p>\n\n\n\n<p><strong>Le contenu des textes publi\u00e9s rel\u00e8ve de la seule responsabilit\u00e9 de leurs auteurs.<\/strong><\/p>\n\n\n\n<hr class=\"wp-block-separator has-alpha-channel-opacity\"\/>\n\n\n\n<h2 class=\"wp-block-heading has-pale-ocean-gradient-background has-background\">Vol. 1, 2014<\/h2>\n\n\n\n<blockquote class=\"wp-block-quote is-layout-flow wp-block-quote-is-layout-flow\">\n<ol class=\"wp-block-list\">\n<li>Hac\u00e8ne Belbachir and Athmane Benmezai. On the expansion of Fibonacci and Lucas polynomials, revisited.&nbsp;<a target=\"_blank\" href=\"http:\/\/www.lrecits.usthb.dz\/1.1.pdf\" rel=\"noreferrer noopener\">&lt;<\/a><\/li>\n\n\n\n<li>Meziani Nadjat, Oulamara Ammar and Boudhar Mourad. NP-hardness of the two-machine flowshop problem with coupled-operations.&nbsp;<a target=\"_blank\" href=\"http:\/\/www.lrecits.usthb.dz\/1.2.pdf\" rel=\"noreferrer noopener\">&lt;<\/a><\/li>\n\n\n\n<li>Hac\u00e8ne Belbachir. A combinatorial contribution to the multinomial Chu-Vandermonde convolution.&nbsp;<a target=\"_blank\" href=\"http:\/\/www.lrecits.usthb.dz\/1.3.pdf\" rel=\"noreferrer noopener\">&lt;<\/a><\/li>\n\n\n\n<li>Badjara Mohamed El Amine et Chergui Mohamed El-Amine. M\u00e9thode Exacte Pour le Probl\u00e8me du Stable Multi-Objectif. &nbsp;<a target=\"_blank\" href=\"http:\/\/www.lrecits.usthb.dz\/1.4.pdf\" rel=\"noreferrer noopener\">&lt;<\/a><\/li>\n<\/ol>\n<\/blockquote>\n\n\n\n<p><a target=\"_blank\" href=\"http:\/\/www.lrecits.usthb.dz\/1.2014.pdf\" rel=\"noreferrer noopener\"><strong>T\u00e9l\u00e9charger le volume 1 complet.<\/strong><\/a><\/p>\n\n\n\n<hr class=\"wp-block-separator has-alpha-channel-opacity\"\/>\n\n\n\n<h2 class=\"wp-block-heading has-pale-ocean-gradient-background has-background\">Vol. 2, 2015<\/h2>\n\n\n\n<blockquote class=\"wp-block-quote is-layout-flow wp-block-quote-is-layout-flow\">\n<ol class=\"wp-block-list\">\n<li>Asma Boumesbah and Mohamed El-Amine Chergui. An exact method to solve the multi-objective minimum spanning tree problem.&nbsp;<a target=\"_blank\" href=\"http:\/\/www.lrecits.usthb.dz\/2.1.pdf\" rel=\"noreferrer noopener\">&lt;<\/a><\/li>\n\n\n\n<li>Lyes Ait Amrane et Hac\u00e8ne Belbachir. Les suites quasi Morgan-Voyce comme convolutions it\u00e9r\u00e9es de suites de Pell g\u00e9n\u00e9ralis\u00e9es.&nbsp;<a target=\"_blank\" href=\"http:\/\/www.lrecits.usthb.dz\/2.2.pdf\" rel=\"noreferrer noopener\">&lt;<\/a><\/li>\n\n\n\n<li>Mohamed Bendraouche and Mourad Boudhar. Scheduling with agreements: new results.&nbsp;<a target=\"_blank\" href=\"http:\/\/www.lrecits.usthb.dz\/2.3.pdf\" rel=\"noreferrer noopener\">&lt;<\/a><\/li>\n\n\n\n<li>Wafaa Labbi et Mourad Boudhar. M\u00e9taheuristiques pour un probl\u00e8me d&#8217;ordonnancement sous contraintes de pr\u00e9paration. &nbsp;<a target=\"_blank\" href=\"http:\/\/www.lrecits.usthb.dz\/2.4.pdf\" rel=\"noreferrer noopener\">&lt;<\/a><\/li>\n<\/ol>\n<\/blockquote>\n\n\n\n<p><a target=\"_blank\" href=\"http:\/\/www.lrecits.usthb.dz\/2.2015.pdf\" rel=\"noreferrer noopener\"><strong>T\u00e9l\u00e9charger le volume 2 complet.<\/strong><\/a><\/p>\n\n\n\n<hr class=\"wp-block-separator has-alpha-channel-opacity\"\/>\n\n\n\n<h2 class=\"wp-block-heading has-pale-ocean-gradient-background has-background\">Vol. 3, 2016<\/h2>\n\n\n\n<blockquote class=\"wp-block-quote is-layout-flow wp-block-quote-is-layout-flow\">\n<ol class=\"wp-block-list\">\n<li>Lamia Zerfa et Mohamed El-Amine Chergui. M\u00e9thodes Exactes pour l&#8217;Optimisation Discr\u00e8te \u00e0 Objectifs Multiples. Cas lin\u00e9aire et hyperbolique.&nbsp;<a target=\"_blank\" href=\"http:\/\/www.lrecits.usthb.dz\/3.1.pdf\" rel=\"noreferrer noopener\">&lt;<\/a><\/li>\n\n\n\n<li>Karima Bouibede, Mohamed Lakehal and Abdelhakim Ait Zai. A Tabu Search for the Bicriteria Scheduling Problem of Job-Shop with Blocking.&nbsp;<a target=\"_blank\" href=\"http:\/\/www.lrecits.usthb.dz\/3.2.pdf\" rel=\"noreferrer noopener\">&lt;<\/a><\/li>\n\n\n\n<li>Lyes Ait Amrane and Hac\u00e8ne Belbachir. The three different forms of the periods of the Morgan-Voyce sequence modulo odd primes.&nbsp;<a target=\"_blank\" href=\"http:\/\/www.lrecits.usthb.dz\/3.3.pdf\" rel=\"noreferrer noopener\">&lt;<\/a><\/li>\n\n\n\n<li>Abdelkader Benyattou and Miloud Mihoubi. Some applications of the generalized Bell umbra in congruences. &nbsp;<a target=\"_blank\" href=\"http:\/\/www.lrecits.usthb.dz\/3.4.pdf\" rel=\"noreferrer noopener\">&lt;<\/a><\/li>\n\n\n\n<li>Nour El Houda Tellache and Mourad Boudhar. Heuristics for flow shop scheduling problem with conflict graphs: computational results. &nbsp;<a target=\"_blank\" href=\"http:\/\/www.lrecits.usthb.dz\/3.5.pdf\" rel=\"noreferrer noopener\">&lt;<\/a><\/li>\n\n\n\n<li>Fay\u00e7al Hamdi et Abderaouf Khalfi. Identification des mod\u00e8les SETAR par le crit\u00e8re de la densit\u00e9 pr\u00e9dictive. &nbsp;<a target=\"_blank\" href=\"http:\/\/www.lrecits.usthb.dz\/3.6.pdf\" rel=\"noreferrer noopener\">&lt;<\/a><\/li>\n\n\n\n<li>Billel Aliat et Fay\u00e7al Hamdi. Propri\u00e9t\u00e9s probabilistes des mod\u00e8les MS-PARMA. &nbsp;<a target=\"_blank\" href=\"http:\/\/www.lrecits.usthb.dz\/3.7.pdf\" rel=\"noreferrer noopener\">&lt;<\/a><\/li>\n<\/ol>\n<\/blockquote>\n\n\n\n<p><a target=\"_blank\" href=\"http:\/\/www.lrecits.usthb.dz\/3.2016.pdf\" rel=\"noreferrer noopener\"><strong>T\u00e9l\u00e9charger le volume 3 complet.<\/strong><\/a><\/p>\n\n\n\n<hr class=\"wp-block-separator has-alpha-channel-opacity\"\/>\n\n\n\n<h2 class=\"wp-block-heading has-pale-ocean-gradient-background has-background\">Vol. 4, 2017<\/h2>\n\n\n\n<blockquote class=\"wp-block-quote is-layout-flow wp-block-quote-is-layout-flow\">\n<ol class=\"wp-block-list\">\n<li>Miloud Mihoubi and Meriem Tiachachat. A new class of the r-Stirling numbers and the generalized Bernoulli polynomials.&nbsp;<a target=\"_blank\" href=\"http:\/\/www.lrecits.usthb.dz\/4.1.pdf\" rel=\"noreferrer noopener\">&lt;<\/a><\/li>\n\n\n\n<li>Nour El Houda Tellache et Mourad Boudhar. Partition en triangles d&#8217;un graphe triparti particulier.&nbsp;<a target=\"_blank\" href=\"http:\/\/www.lrecits.usthb.dz\/4.2.pdf\" rel=\"noreferrer noopener\">&lt;<\/a><\/li>\n\n\n\n<li>Hac\u00e8ne Belbachir and Miloud Mihoubi. Multipartitional polynomials: Combinatorial and probabilistic interpretations.&nbsp;<a target=\"_blank\" href=\"http:\/\/www.lrecits.usthb.dz\/4.3.pdf\" rel=\"noreferrer noopener\">&lt;<\/a><\/li>\n\n\n\n<li>Hac\u00e8ne Belbachir and Miloud Mihoubi. Recursiveness properties for multipartitional polynomials. &nbsp;<a target=\"_blank\" href=\"http:\/\/www.lrecits.usthb.dz\/4.4.pdf\" rel=\"noreferrer noopener\">&lt;<\/a><\/li>\n\n\n\n<li>Karima Bouibede-Hocine, Drifa Hetak and Mourad Boudhar. A tabu search and a genetic Algorithm for solving a bicriteria Parallel Machine Scheduling Problem. &nbsp;<a target=\"_blank\" href=\"http:\/\/www.lrecits.usthb.dz\/4.5.pdf\" rel=\"noreferrer noopener\">&lt;<\/a><\/li>\n<\/ol>\n<\/blockquote>\n\n\n\n<p><a target=\"_blank\" href=\"http:\/\/www.lrecits.usthb.dz\/4.2017.pdf\" rel=\"noreferrer noopener\"><strong>T\u00e9l\u00e9charger le volume 1 complet.<\/strong><\/a><\/p>\n\n\n\n<hr class=\"wp-block-separator has-alpha-channel-opacity\"\/>\n\n\n\n<h2 class=\"wp-block-heading has-pale-ocean-gradient-background has-background\">Vol. 5, 2018<\/h2>\n\n\n\n<blockquote class=\"wp-block-quote is-layout-flow wp-block-quote-is-layout-flow\">\n<ol class=\"wp-block-list\">\n<li>Miloud Mihoubi, Asmaa Rahim and Said Taharbouchet. Combinatorial interpretations on multiset partitions.&nbsp;<a target=\"_blank\" href=\"http:\/\/www.lrecits.usthb.dz\/5.1.pdf\" rel=\"noreferrer noopener\">&lt;<\/a><\/li>\n\n\n\n<li>Miloud Mihoubi and Lilia Reggane. Note on particular generating functions.&nbsp;<a target=\"_blank\" href=\"http:\/\/www.lrecits.usthb.dz\/5.2.pdf\" rel=\"noreferrer noopener\">&lt;<\/a><\/li>\n\n\n\n<li>Hamou Satla and Mohamed El-Amine Chergui. An exact method for the multi-objective assignment problem.&nbsp;<a target=\"_blank\" href=\"http:\/\/www.lrecits.usthb.dz\/5.3.pdf\" rel=\"noreferrer noopener\">&lt;<\/a><\/li>\n\n\n\n<li>Meriem Tigane, Mourad Boudhar et Mohammed Dahane. Ordonnancement et gestion de l&#8217;\u00e9nergie : \u00e9tat de l&#8217;art. &nbsp;<a target=\"_blank\" href=\"http:\/\/www.lrecits.usthb.dz\/5.4.pdf\" rel=\"noreferrer noopener\">&lt;<\/a><\/li>\n\n\n\n<li>Meriem Tigane, Mourad Boudhar et Mohammed Dahane. Ordonnancement de t\u00e2ches d\u00e9t\u00e9riorables : \u00e9tat de l&#8217;art. &nbsp;<a target=\"_blank\" href=\"http:\/\/www.lrecits.usthb.dz\/5.5.pdf\" rel=\"noreferrer noopener\">&lt;<\/a><\/li>\n\n\n\n<li>Hac\u00e8ne Belbachir et Athmane Benmezai. Le p,q-analogue des suites de Fibonacci et de Lucas g\u00e9n\u00e9ralis\u00e9es. &nbsp;<a target=\"_blank\" href=\"http:\/\/www.lrecits.usthb.dz\/5.6.pdf\" rel=\"noreferrer noopener\">&lt;<\/a><\/li>\n<\/ol>\n<\/blockquote>\n\n\n\n<p><a target=\"_blank\" href=\"http:\/\/www.lrecits.usthb.dz\/5.2018.pdf\" rel=\"noreferrer noopener\"><strong>T\u00e9l\u00e9charger le volume 1 complet.<\/strong><\/a><\/p>\n","protected":false},"excerpt":{"rendered":"<p>Les Annales RECITS ISSN (print) 2392-5426 Responsable Pr. BOUDHAR Mourad Mail mboudhar@usthb.dz Secr\u00e9tariat Objectifs Les annales RECITS \u00e9dit\u00e9s par le Laboratoire sont des publications scientifiques de qualit\u00e9 qui ont un r\u00f4le important \u00e0 jouer pour la diffusion des travaux de <span class=\"readmore\"><a href=\"https:\/\/lrecits.usthb.dz\/index.php\/annales\/\">Continue Reading<\/a><\/span><\/p>\n","protected":false},"author":1,"featured_media":0,"parent":0,"menu_order":0,"comment_status":"closed","ping_status":"closed","template":"","meta":{"footnotes":""},"class_list":["post-20","page","type-page","status-publish","hentry"],"_links":{"self":[{"href":"https:\/\/lrecits.usthb.dz\/index.php\/wp-json\/wp\/v2\/pages\/20","targetHints":{"allow":["GET"]}}],"collection":[{"href":"https:\/\/lrecits.usthb.dz\/index.php\/wp-json\/wp\/v2\/pages"}],"about":[{"href":"https:\/\/lrecits.usthb.dz\/index.php\/wp-json\/wp\/v2\/types\/page"}],"author":[{"embeddable":true,"href":"https:\/\/lrecits.usthb.dz\/index.php\/wp-json\/wp\/v2\/users\/1"}],"replies":[{"embeddable":true,"href":"https:\/\/lrecits.usthb.dz\/index.php\/wp-json\/wp\/v2\/comments?post=20"}],"version-history":[{"count":4,"href":"https:\/\/lrecits.usthb.dz\/index.php\/wp-json\/wp\/v2\/pages\/20\/revisions"}],"predecessor-version":[{"id":368,"href":"https:\/\/lrecits.usthb.dz\/index.php\/wp-json\/wp\/v2\/pages\/20\/revisions\/368"}],"wp:attachment":[{"href":"https:\/\/lrecits.usthb.dz\/index.php\/wp-json\/wp\/v2\/media?parent=20"}],"curies":[{"name":"wp","href":"https:\/\/api.w.org\/{rel}","templated":true}]}}