{"id":21,"date":"2023-06-05T12:04:07","date_gmt":"2023-06-05T12:04:07","guid":{"rendered":"http:\/\/193.194.89.179\/wp_lrecits\/?page_id=21"},"modified":"2025-01-15T09:27:40","modified_gmt":"2025-01-15T09:27:40","slug":"activites","status":"publish","type":"page","link":"https:\/\/lrecits.usthb.dz\/index.php\/activites\/","title":{"rendered":"Activit\u00e9s"},"content":{"rendered":"\n<h2 class=\"wp-block-heading has-cool-to-warm-spectrum-gradient-background has-background\">International<\/h2>\n\n\n\n<blockquote class=\"wp-block-quote is-layout-flow wp-block-quote-is-layout-flow\">\n<ol class=\"wp-block-list\">\n<li>Co-organisation of the Conference on trends and advances in discrete mathematics, operations research, scientific information and computer science TAMARICS&#8217;2022 (Tamanrasset, Algeria.&nbsp; 8-10 d\u00e9cembre 2022).\n<ul class=\"wp-block-list\">\n<li>T\u00e9l\u00e9charger <a href=\"https:\/\/lrecits.usthb.dz\/wp-content\/uploads\/2024\/03\/Tamarics-1.png\">Call of papers<\/a><\/li>\n<\/ul>\n<\/li>\n\n\n\n<li>Co-organisation of the Conference on Discrete Mathematics and Computer Science DIMACOS&#8217;2019 (Hammamet, Tunisia.&nbsp; 26-29 october 2019).\n<ul class=\"wp-block-list\">\n<li>T\u00e9l\u00e9charger&nbsp;<a target=\"_blank\" href=\"http:\/\/www.lrecits.usthb.dz\/DIMACOS2019.pdf\" rel=\"noreferrer noopener\">Call for papers<\/a><\/li>\n\n\n\n<li>T\u00e9l\u00e9charger&nbsp;<a href=\"http:\/\/www.lrecits.usthb.dz\/template_Dimacos19.rar\" target=\"_blank\" rel=\"noreferrer noopener\">Template<\/a><\/li>\n<\/ul>\n<\/li>\n\n\n\n<li>Conference-School on Discrete Mathematics and Computer Science DIMACOS&#8217;2015 (University of Sidi Bel Abb\u00e8s, Algeria. November, 15-19). Organis\u00e9e en collaboration avec le laboratoire LDM (universit\u00e9 de Sidi Bel Abbes), le laboratoire GEAN (universit\u00e9 Oran1), le centre de recherche CERIST (Alger) et le centre de recherche CDTA (Alger).\n<ul class=\"wp-block-list\">\n<li>T\u00e9l\u00e9charger&nbsp;<a href=\"http:\/\/www.lrecits.usthb.dz\/Actes%20DIMACOS2015.pdf\" target=\"_blank\" rel=\"noreferrer noopener\">les actes de la conf\u00e9rence<\/a><\/li>\n<\/ul>\n<\/li>\n\n\n\n<li>Organisation de l&#8217;\u00e9cole SAGE Combinat les 15-19 novembre 2015 \u00e0 l&#8217;universit\u00e9 de Sidi Bel-Abb\u00e8s.<\/li>\n\n\n\n<li>Co-organisation de la rencontre scientifique &#8220;<a href=\"http:\/\/emf2015.usthb.dz\/\" target=\"_blank\" rel=\"noreferrer noopener\">Espace Math\u00e9matique Francophone, EMF 2015<\/a>&#8221; qui s&#8217;est d\u00e9roul\u00e9e \u00e0 Alger les 10-14 octobre 2015.<\/li>\n\n\n\n<li>Organisation de journ\u00e9es de vulgarisation : les maths en ateliers les 11-13 octobre 2015 \u00e0 l&#8217;USTHB.<\/li>\n\n\n\n<li>Conf\u00e9rence ORPA 2015, les 20-22 avril 2015 \u00e0 Alger. Organis\u00e9e en collaboration avec le groupe&nbsp; OPRA&nbsp;(Operational Research Practice in Africa Group) et avec la participation de l&#8217;association europ\u00e9enne&nbsp;<a href=\"http:\/\/www.euro-online.org\/\" target=\"_blank\" rel=\"noreferrer noopener\">EURO<\/a>&nbsp;(Association of European Operational Research Societies) et la f\u00e9d\u00e9ration internationale&nbsp;<a href=\"http:\/\/ifors.org\/\" target=\"_blank\" rel=\"noreferrer noopener\">IFORS<\/a>&nbsp;(The International Federation of Operational Research Societies). Le site web de la conf\u00e9rence est :&nbsp;<a href=\"http:\/\/orpa2015.sciencesconf.org\/\" target=\"_blank\" rel=\"noreferrer noopener\">http:\/\/orpa2015.sciencesconf.org\/<\/a>\n<ul class=\"wp-block-list\">\n<li>T\u00e9l\u00e9charger&nbsp;<a href=\"http:\/\/www.lrecits.usthb.dz\/Actes%20ORPA2015.pdf\" target=\"_blank\" rel=\"noreferrer noopener\">les actes de la conf\u00e9rence<\/a><\/li>\n<\/ul>\n<\/li>\n\n\n\n<li>Organisation de l&#8217;\u00e9cole ROMAD les 18,19 et 23 juin 2015 \u00e0 l&#8217;USTHB.<\/li>\n<\/ol>\n<\/blockquote>\n\n\n\n<h2 class=\"wp-block-heading has-cool-to-warm-spectrum-gradient-background has-background\">National<\/h2>\n\n\n\n<blockquote class=\"wp-block-quote is-layout-flow wp-block-quote-is-layout-flow\">\n<ol class=\"wp-block-list\">\n<li>Organisation des&nbsp;<strong>J<\/strong>ourn\u00e9es&nbsp;<strong>S<\/strong>cientifiques du&nbsp;<strong>L<\/strong>aboratoire (JSL\u20192024) les 9-10 novembre 2024, \u00e0 la Facult\u00e9 de Math\u00e9matiques, USTHB. \n<ul class=\"wp-block-list\">\n<li>T\u00e9l\u00e9charger <a href=\"https:\/\/lrecits.usthb.dz\/wp-content\/uploads\/2024\/06\/Appel-JSL-2024.pdf\">l&#8217;appel \u00e0 communications<\/a><\/li>\n\n\n\n<li>T\u00e9l\u00e9charger&nbsp;<a href=\"https:\/\/lrecits.usthb.dz\/wp-content\/uploads\/2024\/11\/Abstracts-Book-JSL24-VF.pdf\" target=\"_blank\" rel=\"noreferrer noopener\">le recueil des r\u00e9sum\u00e9s<\/a><\/li>\n<\/ul>\n<\/li>\n\n\n\n<li>Organisation d&#8217;une journ\u00e9e scientifique sur les m\u00e9thodes et mod\u00e8les math\u00e9matiques en ing\u00e9nierie (3ME), le samedi 25 mai 2024, \u00e0 la Facult\u00e9 de Math\u00e9matiques, USTHB. (T\u00e9l\u00e9charger <a href=\"https:\/\/lrecits.usthb.dz\/wp-content\/uploads\/2024\/05\/3ME_affiche250524.pdf\">l&#8217;affiche<\/a>)<\/li>\n\n\n\n<li>Organisation de &#8216;1st <strong>W<\/strong>orkshop on <strong>T<\/strong>ime <strong>S<\/strong>eries <strong>A<\/strong>nalysis (WTSA\u201924)&#8217;, le jeudi 02 mai 2024, \u00e0 la Facult\u00e9 des Math\u00e9matiques, USTHB. (T\u00e9l\u00e9charger <a href=\"https:\/\/lrecits.usthb.dz\/wp-content\/uploads\/2024\/05\/Workshop-time-series-vf1.pdf\">l&#8217;affiche<\/a>, <a href=\"https:\/\/lrecits.usthb.dz\/wp-content\/uploads\/2024\/05\/Programme_vf.pdf\">Programme<\/a>)<\/li>\n\n\n\n<li>Organisation d\u2019une journ\u00e9e scientifique sur l\u2019interactions Graphes &#8211; Combinatoire \u00e9num\u00e9rative, le samedi 09 mars 2024, \u00e0 la Facult\u00e9 de Math\u00e9matiques, USTHB. (T\u00e9l\u00e9charger <a href=\"https:\/\/lrecits.usthb.dz\/wp-content\/uploads\/2024\/03\/Affiche-journee-Graphe.pdf\">l&#8217;appel \u00e0 communications<\/a>)<\/li>\n\n\n\n<li>Organisation des&nbsp;<strong>J<\/strong>ourn\u00e9es&nbsp;<strong>S<\/strong>cientifiques du&nbsp;<strong>L<\/strong>aboratoire (JSL&#8217;2023) les 4-6 novembre 2023.\n<ul class=\"wp-block-list\">\n<li>T\u00e9l\u00e9charger&nbsp;<a href=\"https:\/\/lrecits.usthb.dz\/wp-content\/uploads\/2023\/12\/Appel-JSL-2023-vf.pdf\" target=\"_blank\" rel=\"noreferrer noopener\">l&#8217;appel \u00e0 communications<\/a><\/li>\n\n\n\n<li>T\u00e9l\u00e9charger&nbsp;<a href=\"https:\/\/lrecits.usthb.dz\/wp-content\/uploads\/2024\/09\/Abstract-book-JSL-2023.pdf\" target=\"_blank\" rel=\"noreferrer noopener\">le recueil des r\u00e9sum\u00e9s<\/a><\/li>\n<\/ul>\n<\/li>\n\n\n\n<li>Organisation des&nbsp;<strong>J<\/strong>ourn\u00e9es&nbsp;<strong>S<\/strong>cientifiques du&nbsp;<strong>L<\/strong>aboratoire (JSL&#8217;2022) les 15 &#8211; 16 octobre 2022 \u00e0 l&#8217;USTHB.\n<ul class=\"wp-block-list\">\n<li>T\u00e9l\u00e9charger <a href=\"https:\/\/lrecits.usthb.dz\/wp-content\/uploads\/2024\/09\/2eme_Appel_JSL2022-.pdf\" target=\"_blank\" rel=\"noreferrer noopener\">l&#8217;appel \u00e0 communications<\/a><\/li>\n<\/ul>\n<\/li>\n\n\n\n<li>Organisation des&nbsp;<strong>J<\/strong>ourn\u00e9es&nbsp;<strong>S<\/strong>cientifiques du&nbsp;<strong>L<\/strong>aboratoire (JSL&#8217;2021) les 11 &#8211; 12 d\u00e9cembre 2021 \u00e0 l&#8217;USTHB.\n<ul class=\"wp-block-list\">\n<li>T\u00e9l\u00e9charger <a href=\"https:\/\/lrecits.usthb.dz\/wp-content\/uploads\/2024\/09\/Appel_JSL2021.pdf\" target=\"_blank\" rel=\"noreferrer noopener\">l&#8217;appel \u00e0 communications<\/a><\/li>\n<\/ul>\n<\/li>\n\n\n\n<li>Organisation des&nbsp;<strong>J<\/strong>ourn\u00e9es d&#8217;<strong>I<\/strong>nformatique&nbsp;<strong>T<\/strong>h\u00e9orique (JIT&#8217;2019) les 27-29 avril 2019 \u00e0 l&#8217;USTHB.<\/li>\n\n\n\n<li>Organisation des&nbsp;<strong>J<\/strong>ourn\u00e9es d&#8217;<strong>I<\/strong>nformatique&nbsp;<strong>T<\/strong>h\u00e9orique (JIT&#8217;2018) les 20-21 juin 2018 \u00e0 l&#8217;USTHB (T\u00e9l\u00e9charger <a href=\"https:\/\/lrecits.usthb.dz\/wp-content\/uploads\/2024\/09\/JIT-2018.pdf\" target=\"_blank\" rel=\"noreferrer noopener\">l&#8217;appel<\/a>).<\/li>\n\n\n\n<li>Organisation des&nbsp;<strong>J<\/strong>ourn\u00e9es&nbsp;<strong>S<\/strong>cientifiques du&nbsp;<strong>L<\/strong>aboratoire (JSL&#8217;2018) les 21-22 avril 2018 \u00e0 l&#8217;USTHB.\n<ul class=\"wp-block-list\">\n<li>T\u00e9l\u00e9charger <a href=\"https:\/\/lrecits.usthb.dz\/wp-content\/uploads\/2024\/09\/1er-appel-a-communications-1-JSL-2018.pdf\" target=\"_blank\" rel=\"noreferrer noopener\">l&#8217;appel \u00e0 communications<\/a><\/li>\n\n\n\n<li>T\u00e9l\u00e9charger&nbsp;<a href=\"https:\/\/lrecits.usthb.dz\/wp-content\/uploads\/2024\/09\/ActesJSL2018.pdf\" target=\"_blank\" rel=\"noreferrer noopener\">le recueil des r\u00e9sum\u00e9s<\/a><\/li>\n<\/ul>\n<\/li>\n\n\n\n<li>Organisation des Journ\u00e9es SageMathAlg\u00e9rie du 02 au 07 mai 2017. Ces journ\u00e9es sont destin\u00e9es aux enseignants et chercheurs, doctorants et mast\u00e9rants souhaitant s&#8217;initier au logiciel libre SageMath.<\/li>\n\n\n\n<li>Co-organisation des&nbsp;<strong>J<\/strong>ourn\u00e9es&nbsp;<strong>S<\/strong>cientifiques du&nbsp;<strong>L<\/strong>aboratoire (JSL&#8217;2017) les 29-30 avril 2017 avec le CREAD (<strong>C<\/strong>entre de <strong>R<\/strong>echerche en <strong>\u00c9<\/strong>conomie <strong>A<\/strong>ppliqu\u00e9e pour le <strong>D<\/strong>\u00e9veloppement).\n<ul class=\"wp-block-list\">\n<li>T\u00e9l\u00e9charger&nbsp;<a href=\"http:\/\/www.lrecits.usthb.dz\/ActesJSL2017.pdf\" target=\"_blank\" rel=\"noreferrer noopener\">le recueil des r\u00e9sum\u00e9s<\/a><\/li>\n<\/ul>\n<\/li>\n\n\n\n<li>Organisation des&nbsp;<strong>J<\/strong>ourn\u00e9es&nbsp;<strong>S<\/strong>cientifiques du&nbsp;<strong>L<\/strong>aboratoire (JSL&#8217;2016) les 23-24 avril 2016.\n<ul class=\"wp-block-list\">\n<li>T\u00e9l\u00e9charger&nbsp;<a href=\"http:\/\/www.lrecits.usthb.dz\/Abstract%20book%20JSL%202016.pdf\" target=\"_blank\" rel=\"noreferrer noopener\">le recueil des r\u00e9sum\u00e9s<\/a>.<\/li>\n<\/ul>\n<\/li>\n\n\n\n<li>Organisation d&#8217;une \u00e9cole doctorale les 25-26 avril 2016 \u00e0 l&#8217;USTHB.<br>(Professeurs invit\u00e9s : Djelloul Ziadi de l&#8217;universit\u00e9 de Rouen et Serigne GUEYE de l&#8217;universit\u00e9 d&#8217;Avignon)<br>Th\u00e8mes de l&#8217;\u00e9cole : automates et recherche op\u00e9rationnelle&nbsp;<\/li>\n\n\n\n<li>Organisation des&nbsp;<strong>J<\/strong>ourn\u00e9es&nbsp;<strong>S<\/strong>cientifiques du&nbsp;<strong>L<\/strong>aboratoire (JSL&#8217;2015) les 6-7 juin 2015.\n<ul class=\"wp-block-list\">\n<li>T\u00e9l\u00e9charger&nbsp;<a href=\"http:\/\/www.lrecits.usthb.dz\/Recueil2.pdf\" target=\"_blank\" rel=\"noreferrer noopener\">le recueil des r\u00e9sum\u00e9s<\/a>.<\/li>\n<\/ul>\n<\/li>\n\n\n\n<li>Organisation des&nbsp;<strong>J<\/strong>ourn\u00e9es&nbsp;<strong>S<\/strong>cientifiques du&nbsp;<strong>L<\/strong>aboratoire (JSL&#8217;2014) les 21-22 avril 2014.\n<ul class=\"wp-block-list\">\n<li>T\u00e9l\u00e9charger&nbsp;<a href=\"http:\/\/www.lrecits.usthb.dz\/Recueil.pdf\" target=\"_blank\" rel=\"noreferrer noopener\">le recueil des r\u00e9sum\u00e9s<\/a>.<\/li>\n<\/ul>\n<\/li>\n<\/ol>\n<\/blockquote>\n\n\n\n<h2 class=\"wp-block-heading has-cool-to-warm-spectrum-gradient-background has-background\">RECITS Seminar<\/h2>\n\n\n\n<blockquote class=\"wp-block-quote is-layout-flow wp-block-quote-is-layout-flow\">\n<ol class=\"wp-block-list\">\n<li>Mercredi 27 novembre 2024, la 138\u00e8me pr\u00e9sentation.\n<ul class=\"wp-block-list\">\n<li>Slimane HADJ-BRAHIM, Some formulas of the hypergeometric Bernoulli-Gegenbauer polynomials.<\/li>\n\n\n\n<li>T\u00e9l\u00e9charger le <a href=\"https:\/\/lrecits.usthb.dz\/wp-content\/uploads\/2024\/11\/2024-11-27-RECITS-SEMINAR-HADJ-BRAHIM.pdf\">r\u00e9sum\u00e9<\/a><\/li>\n<\/ul>\n<\/li>\n\n\n\n<li>Mercredi 20 novembre 2024, la 137\u00e8me pr\u00e9sentation.\n<ul class=\"wp-block-list\">\n<li>Athmane BENMEZAI, The Carlitz approach for q-Tribonacci sequences.<\/li>\n\n\n\n<li>T\u00e9l\u00e9charger le <a href=\"https:\/\/lrecits.usthb.dz\/wp-content\/uploads\/2024\/11\/2024-11-20-RECITS-SEMINAR-BENMEZAI.pdf\">r\u00e9sum\u00e9<\/a><\/li>\n<\/ul>\n<\/li>\n\n\n\n<li>Mercredi 30 octobre 2024, la 136\u00e8me pr\u00e9sentation.\n<ul class=\"wp-block-list\">\n<li>Syrine FEGAS, Full even k-complete partitions.<\/li>\n\n\n\n<li>T\u00e9l\u00e9charger le <a href=\"https:\/\/lrecits.usthb.dz\/wp-content\/uploads\/2024\/10\/2024-10-30-RECITS-SEMINAR-FEGAS.pdf\">r\u00e9sum\u00e9<\/a><\/li>\n<\/ul>\n<\/li>\n\n\n\n<li>Mercredi 16 octobre 2024, la 135\u00e8me pr\u00e9sentation.\n<ul class=\"wp-block-list\">\n<li>Ali DEBBACHE, Sur deux probl\u00e8mes arithm\u00e9tiques qui se rejoignent : Partie 2<\/li>\n\n\n\n<li>T\u00e9l\u00e9charger le <a href=\"https:\/\/lrecits.usthb.dz\/wp-content\/uploads\/2024\/10\/2024-10-09-RECITS-SEMINAR-DEBBACHE.pdf\">r\u00e9sum\u00e9<\/a><\/li>\n<\/ul>\n<\/li>\n\n\n\n<li>Mercredi 09 octobre 2024, la 134\u00e8me pr\u00e9sentation.\n<ul class=\"wp-block-list\">\n<li>Ali DEBBACHE, Sur deux probl\u00e8mes arithm\u00e9tiques qui se rejoignent : Partie 1<\/li>\n\n\n\n<li>T\u00e9l\u00e9charger le <a href=\"https:\/\/lrecits.usthb.dz\/wp-content\/uploads\/2024\/10\/2024-10-09-RECITS-SEMINAR-DEBBACHE.pdf\">r\u00e9sum\u00e9<\/a><\/li>\n<\/ul>\n<\/li>\n\n\n\n<li>Mercredi 02 octobre 2024, la 133\u00e8me pr\u00e9sentation.\n<ul class=\"wp-block-list\">\n<li>Fay\u00e7al HAMDI, On periodic logGARCH model: Stationarity, existence of moments and autocorrelation structure.<\/li>\n\n\n\n<li>T\u00e9l\u00e9charger le <a href=\"https:\/\/lrecits.usthb.dz\/wp-content\/uploads\/2024\/10\/2024-10-02-RECITS-SEMINAR-HAMDI.pdf\">r\u00e9sum\u00e9<\/a><\/li>\n<\/ul>\n<\/li>\n\n\n\n<li>Mercredi 25 septembre 2024, la 132\u00e8me pr\u00e9sentation.\n<ul class=\"wp-block-list\">\n<li>Hac\u00e8ne BELBACHIR, Classification des disciplines math\u00e9matiques et \u00e9l\u00e9ments de scientom\u00e9trie.<\/li>\n\n\n\n<li>T\u00e9l\u00e9charger le <a href=\"https:\/\/lrecits.usthb.dz\/wp-content\/uploads\/2024\/09\/2024-09-25-RECITS-SEMINAR-BELBACHIR.pdf\">r\u00e9sum\u00e9<\/a><\/li>\n<\/ul>\n<\/li>\n\n\n\n<li>Mercredi 20 mars 2024, la 131\u00e8me pr\u00e9sentation.\n<ul class=\"wp-block-list\">\n<li>Nacima Rosa AIT-AMRANE, New Results on Bicomplex Generalized Fibonacci Polynomials.<\/li>\n\n\n\n<li>T\u00e9l\u00e9charger le <a href=\"https:\/\/lrecits.usthb.dz\/wp-content\/uploads\/2024\/03\/2024-03-20-RECITS-SEMINAR-AIT-AMRANE.pdf\">r\u00e9sum\u00e9<\/a>.<\/li>\n<\/ul>\n<\/li>\n\n\n\n<li>Mercredi 13 mars 2024, la 130\u00e8me pr\u00e9sentation.\n<ul class=\"wp-block-list\">\n<li>Elsedik LAMINI, Numerical investigation of thermal stresses induced interface delamination in plasma-sprayed thermal barrier coatings.<\/li>\n\n\n\n<li>T\u00e9l\u00e9charger le <a href=\"https:\/\/lrecits.usthb.dz\/wp-content\/uploads\/2024\/03\/2024-03-13-RECITS-SEMINAR-LAMINI.pdf\">r\u00e9sum\u00e9<\/a>.<\/li>\n<\/ul>\n<\/li>\n\n\n\n<li>Mercredi 06 mars 2024, la 129\u00e8me pr\u00e9sentation.\n<ul class=\"wp-block-list\">\n<li>Slimane HADJ-BRAHIM, Some combinatorial identities of Appell polynomials.<\/li>\n\n\n\n<li>T\u00e9l\u00e9charger le <a href=\"http:\/\/2024-03-06 RECITS SEMINAR HADJ BRAHIM\">r\u00e9sum\u00e9<\/a>. <\/li>\n<\/ul>\n<\/li>\n\n\n\n<li>Mercredi 28 f\u00e9vrier 2024, la 128\u00e8me pr\u00e9sentation.\n<ul class=\"wp-block-list\">\n<li>Yassine OTMANI, Supercongruences Concerning Bi<sup>s<\/sup>nomial Coefficients.<\/li>\n\n\n\n<li>T\u00e9l\u00e9charger le <a href=\"https:\/\/lrecits.usthb.dz\/wp-content\/uploads\/2024\/03\/2024-02-28-RECITS-SEMINAR-OTMANI.pdf\">r\u00e9sum\u00e9<\/a>.<\/li>\n<\/ul>\n<\/li>\n<\/ol>\n<\/blockquote>\n\n\n\n<h2 class=\"wp-block-heading has-cool-to-warm-spectrum-gradient-background has-background\">Local<\/h2>\n\n\n\n<blockquote class=\"wp-block-quote is-layout-flow wp-block-quote-is-layout-flow\">\n<ol class=\"wp-block-list\">\n<li>Monsieur OTMANI Yassine a soutenu publiquement sa th\u00e8se de doctorat en Math\u00e9matique le jeudi 07 mars 2024 \u00e0 9h00 \u00e0 la salle de conf\u00e9rences de la Facult\u00e9 de Math\u00e9matiques. (Titre : Combinatoire et Arithm\u00e9tique modulaire de suites classiques, Directeur de th\u00e8se : Pr. BELBACHIR Hac\u00e8ne)<\/li>\n\n\n\n<li>Monsieur Abderaouf KHALFI  a soutenu publiquement sa th\u00e8se de doctorat en Math\u00e9matique le samedi 26 d\u00e9cembre 2020 \u00e0 10h00 \u00e0 la salle de conf\u00e9rences de la Facult\u00e9 de Math\u00e9matiques. (Titre : \u00c9tude de quelques mod\u00e8les de s\u00e9ries chronologiques \u00e0 seuil, Directeur de th\u00e8se : Pr. HAMDI Fay\u00e7al)<\/li>\n\n\n\n<li>Madame Nadia BOUSSAHA a soutenu publiquement sa th\u00e8se de doctorat en Math\u00e9matique le dimanche 01 juillet 2018 \u00e0 10h00 \u00e0 la salle de conf\u00e9rences de la Facult\u00e9 de Math\u00e9matiques. (Titre : Sur les mod\u00e8les \u00e0 volatilit\u00e9 stochastique, Directeur de th\u00e8se : Pr. HAMDI Fay\u00e7al)<\/li>\n\n\n\n<li>Monsieur Billel ALIAT a soutenu publiquement sa th\u00e8se de doctorat en Math\u00e9matique le lundi 16 avril 2018 \u00e0 11h30 \u00e0 la salle de conf\u00e9rences de la Facult\u00e9 de Math\u00e9matiques. (Titre : Sur les mod\u00e8les de s\u00e9ries chronologiques \u00e0 changement de r\u00e9gime Markovien, Directeur de th\u00e8se : Pr. HAMDI Fay\u00e7al)<\/li>\n\n\n\n<li>Mademoiselle TELLACHE Nour El-Houda a soutenu publiquement sa th\u00e8se de doctorat en Recherche Op\u00e9rationnelle et Math\u00e9matiques Discr\u00e8tes le jeudi 16 mars 2017 \u00e0 09h30 \u00e0 la salle de conf\u00e9rence de la Facult\u00e9 de Math\u00e9matiques. (Titre : Ordonnancement d&#8217;atelier en pr\u00e9sence d&#8217;un graphe de conflits, Directeur de th\u00e8se : Pr. BOUDHAR Mourad)<\/li>\n\n\n\n<li>Monsieur BELKHIR Amine a soutenu publiquement sa th\u00e8se de Doctorat en Math\u00e9matiques le 23 octobre 2016 \u00e0 la salle de conf\u00e9rence de la Facult\u00e9 de Math\u00e9matique. (Titre : Combinatoire bijective des pavages et des partitions. Directeur de th\u00e8se : Pr. BELBACHIR Hac\u00e8ne)<\/li>\n\n\n\n<li>Monsieur BOUSBAA Imad Eddine a soutenu publiquement sa th\u00e8se de doctorat en Recherche Op\u00e9rationnelle et Math\u00e9matiques Discr\u00e8tes le samedi 18 juin 2016 \u00e0 12h30 \u00e0 la salle de conf\u00e9rence de la Facult\u00e9 de Math\u00e9matiques. (Titre : Combinatoire des suites de Stirling g\u00e9n\u00e9ralis\u00e9es, Directeur de th\u00e8se : Pr. BELBACHIR Hac\u00e8ne)<\/li>\n\n\n\n<li>Mademoiselle TIACHACHAT Meriem a soutenu publiquement sa th\u00e8se de doctorat en Recherche Op\u00e9rationnelle et Math\u00e9matiques Discr\u00e8tes le dimanche 12 juin 2016 \u00e0 10h00 \u00e0 la salle de conf\u00e9rence de la Facult\u00e9 de Math\u00e9matiques. (Titre : Quelques applications des nombres r-Whitney et r-stirting, Directeur de th\u00e8se : Pr. MIHOUBI Miloud)<\/li>\n\n\n\n<li>Madame REGGANE Lilia a soutenu publiquement sa th\u00e8se de doctorat en Recherche Op\u00e9rationnelle et Math\u00e9matiques Discr\u00e8tes le samedi 28 mai 2016 \u00e0 09h00 \u00e0 la salle de conf\u00e9rence de la Facult\u00e9 de Math\u00e9matiques. (Titre : Un apport combinatoire pour une classe de nombres et de polyn\u00f4mes, Directeur de th\u00e8se : Pr. MIHOUBI Miloud)<\/li>\n\n\n\n<li>Madame TEBTOUB Fettouma a soutenu publiquement sa th\u00e8se de doctorat en Recherche Op\u00e9rationnelle et Math\u00e9matiques Discr\u00e8tes le 31 mai 2016 \u00e0 09h00 \u00e0 la salle de conf\u00e9rence de la Facult\u00e9 de Math\u00e9matiques. (Titre : Aspects combinatoires li\u00e9s \u00e0 la monotonie des suites classiques, Directeur de th\u00e8se : Pr. BELBACHIR Hac\u00e8ne)<\/li>\n\n\n\n<li>Monsieur AMROUCHE Karim a soutenu publiquement sa th\u00e8se de doctorat en recherche op\u00e9rationnelle le mercredi 06 janvier 2016 \u00e0 09h00 \u00e0 la salle de conf\u00e9rence de la Facult\u00e9 de Math\u00e9matiques. (Titre : Ordonnancement sur une ligne de production avec recirculation, Directeur de th\u00e8se : Pr. BOUDHAR Mourad)<\/li>\n\n\n\n<li>Monsieur RAHMANI Mourad a soutenu publiquement son habilitation universitaire le jeudi 02 juillet 2015 \u00e0 12h00 \u00e0 la salle de conf\u00e9rence de la Facult\u00e9 de Math\u00e9matiques.<\/li>\n\n\n\n<li>Monsieur Moussa AHMIA a soutenu publiquement son Doctorat en Recherche Op\u00e9rationnelle en juin 2015 \u00e0 la salle de conf\u00e9rence de la Facult\u00e9 de Math\u00e9matiques. (Titre : Log-concavit\u00e9, log-convexit\u00e9 et unimodalit\u00e9 des suites num\u00e9riques, Directeur de th\u00e8se : Pr. BELBACHIR Hac\u00e8ne)<\/li>\n\n\n\n<li>Monsieur BENDRAOUCHE Mohamed a soutenu publiquement son habilitation universitaire le mercredi 18 mars 2015 \u00e0 09h30 \u00e0 la salle de conf\u00e9rence de la Facult\u00e9 de Math\u00e9matiques.<\/li>\n\n\n\n<li>Mademoiselle Wafaa LABBI a soutenu publiquement son Doctorat le mercredi 04 mars 2015 \u00e0 09h30 \u00e0 la salle de conf\u00e9rence de la Facult\u00e9 de Math\u00e9matiques.<\/li>\n\n\n\n<li>Monsieur Abdelhakim AITZAI a soutenu publiquement son habilitation universitaire le lundi 16 juin 2014 \u00e0 09h00 \u00e0 la salle de conf\u00e9rence de la Facult\u00e9 de Math\u00e9matiques.<\/li>\n\n\n\n<li>Le Professeur C\u00e9dric VILLANI (M\u00e9daille Fields) donnera une s\u00e9rie de conf\u00e9rences \u00e0 travers l&#8217;Alg\u00e9rie. Il sera \u00e0 l&#8217;USTHB, le mardi 11 mars 2014 \u00e0 14h00, il parlera des triangles, des gaz, des prix et des hommes.<\/li>\n\n\n\n<li>Une soutenance de th\u00e8se de Doctorat a eu lieu le 08 d\u00e9cembre 2013 (Auteur : RAHMANI Mourad, Directeur de th\u00e8se : Pr. BELBACHIR Hac\u00e8ne, Titre : Etude combinatoire et analytique des suites et des polyn\u00f4mes)<\/li>\n<\/ol>\n<\/blockquote>\n\n\n\n<hr class=\"wp-block-separator has-alpha-channel-opacity\"\/>\n\n\n\n<h2 class=\"wp-block-heading has-cool-to-warm-spectrum-gradient-background has-background\">Autre<\/h2>\n","protected":false},"excerpt":{"rendered":"<p>International National RECITS Seminar Local Autre<\/p>\n","protected":false},"author":1,"featured_media":0,"parent":0,"menu_order":0,"comment_status":"closed","ping_status":"closed","template":"","meta":{"footnotes":"[]"},"class_list":["post-21","page","type-page","status-publish","hentry"],"_links":{"self":[{"href":"https:\/\/lrecits.usthb.dz\/index.php\/wp-json\/wp\/v2\/pages\/21","targetHints":{"allow":["GET"]}}],"collection":[{"href":"https:\/\/lrecits.usthb.dz\/index.php\/wp-json\/wp\/v2\/pages"}],"about":[{"href":"https:\/\/lrecits.usthb.dz\/index.php\/wp-json\/wp\/v2\/types\/page"}],"author":[{"embeddable":true,"href":"https:\/\/lrecits.usthb.dz\/index.php\/wp-json\/wp\/v2\/users\/1"}],"replies":[{"embeddable":true,"href":"https:\/\/lrecits.usthb.dz\/index.php\/wp-json\/wp\/v2\/comments?post=21"}],"version-history":[{"count":51,"href":"https:\/\/lrecits.usthb.dz\/index.php\/wp-json\/wp\/v2\/pages\/21\/revisions"}],"predecessor-version":[{"id":371,"href":"https:\/\/lrecits.usthb.dz\/index.php\/wp-json\/wp\/v2\/pages\/21\/revisions\/371"}],"wp:attachment":[{"href":"https:\/\/lrecits.usthb.dz\/index.php\/wp-json\/wp\/v2\/media?parent=21"}],"curies":[{"name":"wp","href":"https:\/\/api.w.org\/{rel}","templated":true}]}}